{"id":14,"date":"2024-11-18T19:01:29","date_gmt":"2024-11-18T19:01:29","guid":{"rendered":"https:\/\/mottepeegel.blacklynx.ee\/?page_id=14"},"modified":"2025-10-22T19:16:02","modified_gmt":"2025-10-22T17:16:02","slug":"home","status":"publish","type":"page","link":"https:\/\/mottepeegel.blacklynx.ee\/en\/","title":{"rendered":"Home"},"content":{"rendered":"\t\t<div data-elementor-type=\"wp-page\" data-elementor-id=\"14\" class=\"elementor elementor-14\">\n\t\t\t\t<div class=\"elementor-element elementor-element-2dac89f e-con-full e-flex e-con e-parent\" data-id=\"2dac89f\" data-element_type=\"container\" data-e-type=\"container\" data-settings=\"{&quot;background_background&quot;:&quot;slideshow&quot;,&quot;background_slideshow_gallery&quot;:[{&quot;id&quot;:43,&quot;url&quot;:&quot;https:\\\/\\\/mottepeegel.blacklynx.ee\\\/wp-content\\\/uploads\\\/2024\\\/11\\\/IMG_9279-scaled.jpg&quot;},{&quot;id&quot;:42,&quot;url&quot;:&quot;https:\\\/\\\/mottepeegel.blacklynx.ee\\\/wp-content\\\/uploads\\\/2024\\\/11\\\/IMG_4351-scaled.jpg&quot;},{&quot;id&quot;:622,&quot;url&quot;:&quot;https:\\\/\\\/mottepeegel.blacklynx.ee\\\/wp-content\\\/uploads\\\/2024\\\/12\\\/57D47469-7774-40DA-8D09-5F552A8FD3B2-scaled.jpg&quot;},{&quot;id&quot;:621,&quot;url&quot;:&quot;https:\\\/\\\/mottepeegel.blacklynx.ee\\\/wp-content\\\/uploads\\\/2024\\\/12\\\/IMG_8906-scaled.jpg&quot;},{&quot;id&quot;:619,&quot;url&quot;:&quot;https:\\\/\\\/mottepeegel.blacklynx.ee\\\/wp-content\\\/uploads\\\/2024\\\/12\\\/IMG_8011-scaled.jpg&quot;},{&quot;id&quot;:618,&quot;url&quot;:&quot;https:\\\/\\\/mottepeegel.blacklynx.ee\\\/wp-content\\\/uploads\\\/2024\\\/12\\\/IMG_0129-scaled.jpg&quot;}],&quot;background_slideshow_transition_duration&quot;:3000,&quot;shape_divider_top&quot;:&quot;pyramids&quot;,&quot;background_slideshow_lazyload&quot;:&quot;yes&quot;,&quot;background_slideshow_ken_burns&quot;:&quot;yes&quot;,&quot;shape_divider_bottom&quot;:&quot;pyramids&quot;,&quot;background_slideshow_slide_duration&quot;:6000,&quot;background_slideshow_loop&quot;:&quot;yes&quot;,&quot;background_slideshow_slide_transition&quot;:&quot;fade&quot;,&quot;background_slideshow_ken_burns_zoom_direction&quot;:&quot;in&quot;}\">\n\t\t\t\t<div class=\"elementor-shape elementor-shape-top\" aria-hidden=\"true\" data-negative=\"false\">\n\t\t\t<svg xmlns=\"http:\/\/www.w3.org\/2000\/svg\" viewBox=\"0 0 1000 100\" preserveAspectRatio=\"none\">\n\t<path class=\"elementor-shape-fill\" d=\"M761.9,44.1L643.1,27.2L333.8,98L0,3.8V0l1000,0v3.9\"\/>\n<\/svg>\t\t<\/div>\n\t\t\t\t<div class=\"elementor-shape elementor-shape-bottom\" aria-hidden=\"true\" data-negative=\"false\">\n\t\t\t<svg xmlns=\"http:\/\/www.w3.org\/2000\/svg\" viewBox=\"0 0 1000 100\" preserveAspectRatio=\"none\">\n\t<path class=\"elementor-shape-fill\" d=\"M761.9,44.1L643.1,27.2L333.8,98L0,3.8V0l1000,0v3.9\"\/>\n<\/svg>\t\t<\/div>\n\t\t<div class=\"elementor-element elementor-element-44b24d6 e-flex e-con-boxed e-con e-child\" data-id=\"44b24d6\" data-element_type=\"container\" data-e-type=\"container\">\n\t\t\t\t\t<div class=\"e-con-inner\">\n\t\t\t\t<div class=\"elementor-element elementor-element-a5dd566 animated-slow elementor-invisible elementor-widget elementor-widget-heading\" data-id=\"a5dd566\" data-element_type=\"widget\" data-e-type=\"widget\" data-settings=\"{&quot;_animation&quot;:&quot;fadeIn&quot;,&quot;_animation_delay&quot;:800}\" data-widget_type=\"heading.default\">\n\t\t\t\t<div class=\"elementor-widget-container\">\n\t\t\t\t\t<h1 class=\"elementor-heading-title elementor-size-default\">Seda pilti n\u00e4hes<br>Kuidas Sa kirjeldaksid <br>hetkel enda meeleolu?<\/h1>\t\t\t\t<\/div>\n\t\t\t\t<\/div>\n\t\t\t\t\t<\/div>\n\t\t\t\t<\/div>\n\t\t\t\t<\/div>\n\t\t<div class=\"elementor-element elementor-element-88ddf80 e-flex e-con-boxed e-con e-parent\" data-id=\"88ddf80\" data-element_type=\"container\" data-e-type=\"container\" data-settings=\"{&quot;background_background&quot;:&quot;classic&quot;}\">\n\t\t\t\t\t<div class=\"e-con-inner\">\n\t\t\t\t<div class=\"elementor-element elementor-element-bdd1322 elementor-widget elementor-widget-spacer\" data-id=\"bdd1322\" data-element_type=\"widget\" data-e-type=\"widget\" data-widget_type=\"spacer.default\">\n\t\t\t\t<div class=\"elementor-widget-container\">\n\t\t\t\t\t\t\t<div class=\"elementor-spacer\">\n\t\t\t<div class=\"elementor-spacer-inner\"><\/div>\n\t\t<\/div>\n\t\t\t\t\t\t<\/div>\n\t\t\t\t<\/div>\n\t\t\t\t<div class=\"elementor-element elementor-element-250eb16 elementor-widget elementor-widget-heading\" data-id=\"250eb16\" data-element_type=\"widget\" data-e-type=\"widget\" data-widget_type=\"heading.default\">\n\t\t\t\t<div class=\"elementor-widget-container\">\n\t\t\t\t\t<h1 class=\"elementor-heading-title elementor-size-default\">Mis on m\u00f5ttepeegel?<\/h1>\t\t\t\t<\/div>\n\t\t\t\t<\/div>\n\t\t\t\t<div class=\"elementor-element elementor-element-d2dc9a4 elementor-widget__width-initial elementor-widget elementor-widget-text-editor\" data-id=\"d2dc9a4\" data-element_type=\"widget\" data-e-type=\"widget\" data-widget_type=\"text-editor.default\">\n\t\t\t\t<div class=\"elementor-widget-container\">\n\t\t\t\t\t\t\t\t\t<p><span style=\"font-weight: 400;\">M\u00d5TTEPEEGEL kaardid on suurep\u00e4rane vahend meeleolu ja tagasiside kogumiseks, samuti motivatsiooni t\u00f5stmiseks terve p\u00e4eva jooksul. Need aitavad luua positiivset \u00f5hkkonda n\u00e4iteks enne koosolekute v\u00f5i projektide algust. Samuti on need kasulikud uute meeskonnaliikmete vastuv\u00f5tmisel, v\u00f5imaldades neil end julgemalt v\u00e4ljendada ja kolleegidega tutvuda.<\/span><\/p>\t\t\t\t\t\t\t\t<\/div>\n\t\t\t\t<\/div>\n\t\t\t\t\t<\/div>\n\t\t\t\t<\/div>\n\t\t<div class=\"elementor-element elementor-element-55435f1 e-flex e-con-boxed e-con e-parent\" data-id=\"55435f1\" data-element_type=\"container\" data-e-type=\"container\" data-settings=\"{&quot;background_background&quot;:&quot;classic&quot;,&quot;shape_divider_bottom&quot;:&quot;pyramids&quot;}\">\n\t\t\t\t\t<div class=\"e-con-inner\">\n\t\t\t\t<div class=\"elementor-shape elementor-shape-bottom\" aria-hidden=\"true\" data-negative=\"false\">\n\t\t\t<svg xmlns=\"http:\/\/www.w3.org\/2000\/svg\" viewBox=\"0 0 1000 100\" preserveAspectRatio=\"none\">\n\t<path class=\"elementor-shape-fill\" d=\"M761.9,44.1L643.1,27.2L333.8,98L0,3.8V0l1000,0v3.9\"\/>\n<\/svg>\t\t<\/div>\n\t\t\t\t<div class=\"elementor-element elementor-element-02e7e70 elementor-widget elementor-widget-spacer\" data-id=\"02e7e70\" data-element_type=\"widget\" data-e-type=\"widget\" data-widget_type=\"spacer.default\">\n\t\t\t\t<div class=\"elementor-widget-container\">\n\t\t\t\t\t\t\t<div class=\"elementor-spacer\">\n\t\t\t<div class=\"elementor-spacer-inner\"><\/div>\n\t\t<\/div>\n\t\t\t\t\t\t<\/div>\n\t\t\t\t<\/div>\n\t\t\t\t<div class=\"elementor-element elementor-element-f7a6d8d elementor-widget elementor-widget-heading\" data-id=\"f7a6d8d\" data-element_type=\"widget\" data-e-type=\"widget\" data-widget_type=\"heading.default\">\n\t\t\t\t<div class=\"elementor-widget-container\">\n\t\t\t\t\t<h1 class=\"elementor-heading-title elementor-size-default\">Kuidas see k\u00e4ib?<\/h1>\t\t\t\t<\/div>\n\t\t\t\t<\/div>\n\t\t\t\t<div class=\"elementor-element elementor-element-fd08d46 elementor-widget__width-initial elementor-widget elementor-widget-text-editor\" data-id=\"fd08d46\" data-element_type=\"widget\" data-e-type=\"widget\" data-widget_type=\"text-editor.default\">\n\t\t\t\t<div class=\"elementor-widget-container\">\n\t\t\t\t\t\t\t\t\t<p><span style=\"font-weight: 400;\">Tegemist on unikaalsete kaartidega, mille \u00fchel pool on inspireeriv <\/span><span style=\"font-weight: 400;\">tsitaat<\/span><span style=\"font-weight: 400;\"> ja teisel pool kaunis <\/span><span style=\"font-weight: 400;\">looduspilt<\/span><span style=\"font-weight: 400;\">. Kaardi <\/span><span style=\"font-weight: 400;\">valimine on <\/span>isiklik<span style=\"font-weight: 400;\"> ja intuitiivne protsess, kus iga inimene saab valida endale sobiva pildi, mis peegeldab tema hetke meeleolu.<\/span><\/p>\t\t\t\t\t\t\t\t<\/div>\n\t\t\t\t<\/div>\n\t\t\t\t<div class=\"elementor-element elementor-element-2a44dc9 elementor-widget elementor-widget-button\" data-id=\"2a44dc9\" data-element_type=\"widget\" data-e-type=\"widget\" data-widget_type=\"button.default\">\n\t\t\t\t<div class=\"elementor-widget-container\">\n\t\t\t\t\t\t\t\t\t<div class=\"elementor-button-wrapper\">\n\t\t\t\t\t<a class=\"elementor-button elementor-button-link elementor-size-sm\" href=\"https:\/\/mottepeegel.blacklynx.ee\/juhend\/\">\n\t\t\t\t\t\t<span class=\"elementor-button-content-wrapper\">\n\t\t\t\t\t\t\t\t\t<span class=\"elementor-button-text\">Tutvu juhendiga l\u00e4hemalt<\/span>\n\t\t\t\t\t<\/span>\n\t\t\t\t\t<\/a>\n\t\t\t\t<\/div>\n\t\t\t\t\t\t\t\t<\/div>\n\t\t\t\t<\/div>\n\t\t\t\t<div class=\"elementor-element elementor-element-4ff89f6 elementor-widget elementor-widget-spacer\" data-id=\"4ff89f6\" data-element_type=\"widget\" data-e-type=\"widget\" data-widget_type=\"spacer.default\">\n\t\t\t\t<div class=\"elementor-widget-container\">\n\t\t\t\t\t\t\t<div class=\"elementor-spacer\">\n\t\t\t<div class=\"elementor-spacer-inner\"><\/div>\n\t\t<\/div>\n\t\t\t\t\t\t<\/div>\n\t\t\t\t<\/div>\n\t\t\t\t\t<\/div>\n\t\t\t\t<\/div>\n\t\t<div class=\"elementor-element elementor-element-def93a7 e-flex e-con-boxed e-con e-parent\" data-id=\"def93a7\" data-element_type=\"container\" data-e-type=\"container\">\n\t\t\t\t\t<div class=\"e-con-inner\">\n\t\t<div class=\"elementor-element elementor-element-a99770c e-con-full e-flex e-con e-child\" data-id=\"a99770c\" data-element_type=\"container\" data-e-type=\"container\">\n\t\t\t\t<div class=\"elementor-element elementor-element-1588cd3 elementor-widget elementor-widget-spacer\" data-id=\"1588cd3\" data-element_type=\"widget\" data-e-type=\"widget\" data-widget_type=\"spacer.default\">\n\t\t\t\t<div class=\"elementor-widget-container\">\n\t\t\t\t\t\t\t<div class=\"elementor-spacer\">\n\t\t\t<div class=\"elementor-spacer-inner\"><\/div>\n\t\t<\/div>\n\t\t\t\t\t\t<\/div>\n\t\t\t\t<\/div>\n\t\t\t\t<div class=\"elementor-element elementor-element-d3f35ad elementor-widget elementor-widget-image\" data-id=\"d3f35ad\" data-element_type=\"widget\" data-e-type=\"widget\" data-widget_type=\"image.default\">\n\t\t\t\t<div class=\"elementor-widget-container\">\n\t\t\t\t\t\t\t\t\t\t\t\t\t\t\t<img fetchpriority=\"high\" decoding=\"async\" width=\"910\" height=\"802\" src=\"https:\/\/mottepeegel.blacklynx.ee\/wp-content\/uploads\/2024\/12\/Screenshot-2024-12-05-at-20.51.47.png\" class=\"attachment-large size-large wp-image-485\" alt=\"\" srcset=\"https:\/\/mottepeegel.blacklynx.ee\/wp-content\/uploads\/2024\/12\/Screenshot-2024-12-05-at-20.51.47.png 910w, https:\/\/mottepeegel.blacklynx.ee\/wp-content\/uploads\/2024\/12\/Screenshot-2024-12-05-at-20.51.47-300x264.png 300w, https:\/\/mottepeegel.blacklynx.ee\/wp-content\/uploads\/2024\/12\/Screenshot-2024-12-05-at-20.51.47-768x677.png 768w, https:\/\/mottepeegel.blacklynx.ee\/wp-content\/uploads\/2024\/12\/Screenshot-2024-12-05-at-20.51.47-14x12.png 14w, https:\/\/mottepeegel.blacklynx.ee\/wp-content\/uploads\/2024\/12\/Screenshot-2024-12-05-at-20.51.47-600x529.png 600w\" sizes=\"(max-width: 910px) 100vw, 910px\" \/>\t\t\t\t\t\t\t\t\t\t\t\t\t\t\t<\/div>\n\t\t\t\t<\/div>\n\t\t\t\t<\/div>\n\t\t<div class=\"elementor-element elementor-element-09795dc e-con-full e-flex e-con e-child\" data-id=\"09795dc\" data-element_type=\"container\" data-e-type=\"container\">\n\t\t\t\t<div class=\"elementor-element elementor-element-c497578 elementor-widget elementor-widget-spacer\" data-id=\"c497578\" data-element_type=\"widget\" data-e-type=\"widget\" data-widget_type=\"spacer.default\">\n\t\t\t\t<div class=\"elementor-widget-container\">\n\t\t\t\t\t\t\t<div class=\"elementor-spacer\">\n\t\t\t<div class=\"elementor-spacer-inner\"><\/div>\n\t\t<\/div>\n\t\t\t\t\t\t<\/div>\n\t\t\t\t<\/div>\n\t\t\t\t<div class=\"elementor-element elementor-element-c36a041 elementor-widget elementor-widget-heading\" data-id=\"c36a041\" data-element_type=\"widget\" data-e-type=\"widget\" data-widget_type=\"heading.default\">\n\t\t\t\t<div class=\"elementor-widget-container\">\n\t\t\t\t\t<h1 class=\"elementor-heading-title elementor-size-default\">Keskkonnas\u00f5bralik ja s\u00e4\u00e4stev tootematerjal<\/h1>\t\t\t\t<\/div>\n\t\t\t\t<\/div>\n\t\t\t\t<div class=\"elementor-element elementor-element-e0228ea elementor-widget elementor-widget-text-editor\" data-id=\"e0228ea\" data-element_type=\"widget\" data-e-type=\"widget\" data-widget_type=\"text-editor.default\">\n\t\t\t\t<div class=\"elementor-widget-container\">\n\t\t\t\t\t\t\t\t\t<p>Meie tootematerjal omab&nbsp;<strong>Green Star System\u2122<\/strong> m\u00e4rgist, mis sisaldab teavet paberikiudude p\u00e4ritolu ja tootmisprotsessi kohta ning omistab igale paberitootele keskkonnas\u00e4\u00e4stilikuse taseme nullist kuni viieni t\u00e4rnini. Green Star System\u2122 hindamiss\u00fcsteem kajastab \u00f6koloogiliselt vastutustundliku paberi keerukat olemust.<\/p>\n<p><a href=\"https:\/\/www.antalis.ee\/esileht\/antalisest\/keskkond\/green-star-system\/css-trukipaberitele\"><strong>Antalis Green Star System<\/strong><\/a><\/p>\t\t\t\t\t\t\t\t<\/div>\n\t\t\t\t<\/div>\n\t\t\t\t<\/div>\n\t\t\t\t\t<\/div>\n\t\t\t\t<\/div>\n\t\t\t\t<\/div>\n\t\t","protected":false},"excerpt":{"rendered":"<p>Seda pilti n\u00e4hesKuidas Sa kirjeldaksid hetkel enda meeleolu? Mis on m\u00f5ttepeegel? M\u00d5TTEPEEGEL kaardid on suurep\u00e4rane vahend meeleolu ja tagasiside kogumiseks, [&hellip;]<\/p>\n","protected":false},"author":1,"featured_media":0,"parent":0,"menu_order":0,"comment_status":"closed","ping_status":"closed","template":"elementor_header_footer","meta":{"site-sidebar-layout":"no-sidebar","site-content-layout":"plain-container","ast-site-content-layout":"full-width-container","site-content-style":"unboxed","site-sidebar-style":"default","ast-global-header-display":"","ast-banner-title-visibility":"","ast-main-header-display":"","ast-hfb-above-header-display":"","ast-hfb-below-header-display":"","ast-hfb-mobile-header-display":"","site-post-title":"disabled","ast-breadcrumbs-content":"disabled","ast-featured-img":"disabled","footer-sml-layout":"","ast-disable-related-posts":"","theme-transparent-header-meta":"disabled","adv-header-id-meta":"","stick-header-meta":"","header-above-stick-meta":"","header-main-stick-meta":"","header-below-stick-meta":"","astra-migrate-meta-layouts":"set","ast-page-background-enabled":"default","ast-page-background-meta":{"desktop":{"background-color":"var(--ast-global-color-4)","background-image":"","background-repeat":"repeat","background-position":"center center","background-size":"auto","background-attachment":"scroll","background-type":"","background-media":"","overlay-type":"","overlay-color":"","overlay-opacity":"","overlay-gradient":""},"tablet":{"background-color":"","background-image":"","background-repeat":"repeat","background-position":"center center","background-size":"auto","background-attachment":"scroll","background-type":"","background-media":"","overlay-type":"","overlay-color":"","overlay-opacity":"","overlay-gradient":""},"mobile":{"background-color":"","background-image":"","background-repeat":"repeat","background-position":"center center","background-size":"auto","background-attachment":"scroll","background-type":"","background-media":"","overlay-type":"","overlay-color":"","overlay-opacity":"","overlay-gradient":""}},"ast-content-background-meta":{"desktop":{"background-color":"var(--ast-global-color-5)","background-image":"","background-repeat":"repeat","background-position":"center center","background-size":"auto","background-attachment":"scroll","background-type":"","background-media":"","overlay-type":"","overlay-color":"","overlay-opacity":"","overlay-gradient":""},"tablet":{"background-color":"var(--ast-global-color-5)","background-image":"","background-repeat":"repeat","background-position":"center center","background-size":"auto","background-attachment":"scroll","background-type":"","background-media":"","overlay-type":"","overlay-color":"","overlay-opacity":"","overlay-gradient":""},"mobile":{"background-color":"var(--ast-global-color-5)","background-image":"","background-repeat":"repeat","background-position":"center center","background-size":"auto","background-attachment":"scroll","background-type":"","background-media":"","overlay-type":"","overlay-color":"","overlay-opacity":"","overlay-gradient":""}},"footnotes":""},"class_list":["post-14","page","type-page","status-publish","hentry"],"_links":{"self":[{"href":"https:\/\/mottepeegel.blacklynx.ee\/en\/wp-json\/wp\/v2\/pages\/14","targetHints":{"allow":["GET"]}}],"collection":[{"href":"https:\/\/mottepeegel.blacklynx.ee\/en\/wp-json\/wp\/v2\/pages"}],"about":[{"href":"https:\/\/mottepeegel.blacklynx.ee\/en\/wp-json\/wp\/v2\/types\/page"}],"author":[{"embeddable":true,"href":"https:\/\/mottepeegel.blacklynx.ee\/en\/wp-json\/wp\/v2\/users\/1"}],"replies":[{"embeddable":true,"href":"https:\/\/mottepeegel.blacklynx.ee\/en\/wp-json\/wp\/v2\/comments?post=14"}],"version-history":[{"count":5,"href":"https:\/\/mottepeegel.blacklynx.ee\/en\/wp-json\/wp\/v2\/pages\/14\/revisions"}],"predecessor-version":[{"id":635,"href":"https:\/\/mottepeegel.blacklynx.ee\/en\/wp-json\/wp\/v2\/pages\/14\/revisions\/635"}],"wp:attachment":[{"href":"https:\/\/mottepeegel.blacklynx.ee\/en\/wp-json\/wp\/v2\/media?parent=14"}],"curies":[{"name":"wp","href":"https:\/\/api.w.org\/{rel}","templated":true}]}}